{"id":859,"date":"2011-05-03T11:40:50","date_gmt":"2011-05-03T09:40:50","guid":{"rendered":"http:\/\/intranet\/?page_id=859"},"modified":"2025-01-07T10:05:03","modified_gmt":"2025-01-07T08:05:03","slug":"werksverkauf","status":"publish","type":"page","link":"https:\/\/wurst-spezi.com\/","title":{"rendered":"Werksverkauf"},"content":{"rendered":"<p><!--\n\n\n<p style=\"padding-bottom:40px;line-height: 1.4;font-size: 1.4em; text-align:center; font-weight: bolder;color:#204915;\">Wir w\u00fcnschen unseren Kunden ein frohes Osterfest und erholsame Fr\u00fchlingstage. <\/span><br \/>\n<\/p>\n\n\n <span style=\"font-size:1.4em;\">&#10032;&nbsp;&#10032;&nbsp;&#10032;&nbsp;&#10032;&nbsp;&#10032;&nbsp;&#10032;&nbsp;&#10032;<\/span> \n\n\n<p style=\"padding-bottom:40px;line-height: 1.5;font-size: 1.5em; text-align:center; font-weight: bolder;color:#204915;\">Wir w\u00fcnschen unseren Kunden besinnliche Weihnachten und alles Gute f\u00fcr 2025.<br \/>\nVielen Dank f\u00fcr Ihre Treue. <\/span><br \/>\n<span style=\"font-size:1.5em;\">&#10032;&nbsp;&#10032;&nbsp;&#10032;&nbsp;&#10032;&nbsp;&#10032;&nbsp;&#10032;&nbsp;&#10032;<\/span>\n\n\n\n<p style=\"padding-bottom:40px;line-height: 1.3;font-size: 1.3em; text-align:center; font-weight: bolder;color:#204915;\">\nAm 24. und 31.12. bleibt unser Werksverkauf geschlossen!\n<\/span><br \/>\n--><\/p>\n<p>Liebe Kunden,<\/p>\n<p>wir haben weiterhin von Montag bis Freitag f\u00fcr Sie ge\u00f6ffnet. Unsere aktuellen Angebote finden Sie t\u00e4glich in unserem Werksverkauf.<\/p>\n<p>Wir freuen uns auf Sie,<br \/>\nIhr Wurst-Spezi Team<\/p>\n<p style=\"font-size: 1.4em; font-weight: bold;\"><a href=\"https:\/\/wurst-spezi.com\/wp-content\/uploads\/Werbung\/werbung_zz.jpg\" target=\"_blank\" rel=\"noopener noreferrer\">Werksverkauf Thei\u00dfen &#8211; aktuelle Angebote<\/a><\/p>\n<p>\u00d6ffnungszeiten: <strong>Mo &#8211; Fr 09:00 &#8211; 18:00 Uhr<\/strong><br \/>\n<!--\n\n\n<p style=\"font-size: 1.1em; padding: 0px; font-weight: bolder; text-align:center;\">Wir haben am 24. und 31.12.2021 sowie am 06.01.2022 geschlossen.<\/p>\n\n\n--><\/p>\n<p> Bitte haben Sie Verst\u00e4ndnis daf\u00fcr, dass Bestellungen und Anfragen per Telefon oder Email an den Werksverkauf nicht bearbeitet werden k\u00f6nnen.<\/p>\n","protected":false},"excerpt":{"rendered":"<p>Liebe Kunden, wir haben weiterhin von Montag bis Freitag f\u00fcr Sie ge\u00f6ffnet. Unsere aktuellen Angebote finden Sie t\u00e4glich in unserem Werksverkauf. Wir freuen uns auf Sie, Ihr Wurst-Spezi Team Werksverkauf Thei\u00dfen &#8211; aktuelle Angebote \u00d6ffnungszeiten: Mo &#8211; Fr 09:00 &#8211; &hellip; <a href=\"https:\/\/wurst-spezi.com\/\">Weiterlesen <span class=\"meta-nav\">&rarr;<\/span><\/a><\/p>\n","protected":false},"author":1,"featured_media":0,"parent":0,"menu_order":4,"comment_status":"closed","ping_status":"closed","template":"onecolumn-page.php","meta":{"footnotes":""},"class_list":["post-859","page","type-page","status-publish","hentry"],"_links":{"self":[{"href":"https:\/\/wurst-spezi.com\/index.php?rest_route=\/wp\/v2\/pages\/859","targetHints":{"allow":["GET"]}}],"collection":[{"href":"https:\/\/wurst-spezi.com\/index.php?rest_route=\/wp\/v2\/pages"}],"about":[{"href":"https:\/\/wurst-spezi.com\/index.php?rest_route=\/wp\/v2\/types\/page"}],"author":[{"embeddable":true,"href":"https:\/\/wurst-spezi.com\/index.php?rest_route=\/wp\/v2\/users\/1"}],"replies":[{"embeddable":true,"href":"https:\/\/wurst-spezi.com\/index.php?rest_route=%2Fwp%2Fv2%2Fcomments&post=859"}],"version-history":[{"count":220,"href":"https:\/\/wurst-spezi.com\/index.php?rest_route=\/wp\/v2\/pages\/859\/revisions"}],"predecessor-version":[{"id":1729,"href":"https:\/\/wurst-spezi.com\/index.php?rest_route=\/wp\/v2\/pages\/859\/revisions\/1729"}],"wp:attachment":[{"href":"https:\/\/wurst-spezi.com\/index.php?rest_route=%2Fwp%2Fv2%2Fmedia&parent=859"}],"curies":[{"name":"wp","href":"https:\/\/api.w.org\/{rel}","templated":true}]}}